{"id":3389,"date":"2020-04-03T18:52:31","date_gmt":"2020-04-03T17:52:31","guid":{"rendered":"http:\/\/chicken94.com\/commande\/?post_type=product&#038;p=3389"},"modified":"2020-04-03T18:54:54","modified_gmt":"2020-04-03T17:54:54","slug":"le-540gr","status":"publish","type":"product","link":"https:\/\/chicken94.com\/commande\/produit\/le-540gr\/","title":{"rendered":"Le 540Gr"},"content":{"rendered":"","protected":false},"excerpt":{"rendered":"<p>Pain large, 3 steaks 180gr, fromages.<\/p>\n","protected":false},"featured_media":3383,"template":"","meta":[],"product_brand":[],"product_cat":[18],"product_tag":[],"class_list":{"0":"post-3389","1":"product","2":"type-product","3":"status-publish","4":"has-post-thumbnail","6":"product_cat-burger","8":"first","9":"instock","10":"shipping-taxable","11":"purchasable","12":"product-type-variable"},"woofood_extra_options":[{"id":2108,"variation_id":3390,"title":"Sauce Pepper","price":"","extra_category_name":"votre sauce (2 max.)"},{"id":2107,"variation_id":3390,"title":"Texas Grill","price":"","extra_category_name":"votre sauce (2 max.)"},{"id":2106,"variation_id":3390,"title":"Blanche","price":"","extra_category_name":"votre sauce (2 max.)"},{"id":2105,"variation_id":3390,"title":"Biggy","price":"","extra_category_name":"votre sauce (2 max.)"},{"id":2104,"variation_id":3390,"title":"Barbecue","price":"","extra_category_name":"votre sauce (2 max.)"},{"id":2103,"variation_id":3390,"title":"Samoura\u00ef","price":"","extra_category_name":"votre sauce (2 max.)"},{"id":2102,"variation_id":3390,"title":"Alg\u00e9rienne","price":"","extra_category_name":"votre sauce (2 max.)"},{"id":2101,"variation_id":3390,"title":"Ketchup","price":"","extra_category_name":"votre sauce (2 max.)"},{"id":2100,"variation_id":3390,"title":"Mayo","price":"","extra_category_name":"votre sauce (2 max.)"},{"id":2169,"variation_id":3390,"title":"Oignons","price":"0","extra_category_name":"vos crudit\u00e9s"},{"id":2166,"variation_id":3390,"title":"Tomate","price":"","extra_category_name":"vos crudit\u00e9s"},{"id":2163,"variation_id":3390,"title":"Salade","price":"","extra_category_name":"vos crudit\u00e9s"},{"id":2108,"variation_id":3391,"title":"Sauce Pepper","price":"","extra_category_name":"votre sauce (2 max.)"},{"id":2107,"variation_id":3391,"title":"Texas Grill","price":"","extra_category_name":"votre sauce (2 max.)"},{"id":2106,"variation_id":3391,"title":"Blanche","price":"","extra_category_name":"votre sauce (2 max.)"},{"id":2105,"variation_id":3391,"title":"Biggy","price":"","extra_category_name":"votre sauce (2 max.)"},{"id":2104,"variation_id":3391,"title":"Barbecue","price":"","extra_category_name":"votre sauce (2 max.)"},{"id":2103,"variation_id":3391,"title":"Samoura\u00ef","price":"","extra_category_name":"votre sauce (2 max.)"},{"id":2102,"variation_id":3391,"title":"Alg\u00e9rienne","price":"","extra_category_name":"votre sauce (2 max.)"},{"id":2101,"variation_id":3391,"title":"Ketchup","price":"","extra_category_name":"votre sauce (2 max.)"},{"id":2100,"variation_id":3391,"title":"Mayo","price":"","extra_category_name":"votre sauce (2 max.)"},{"id":2169,"variation_id":3391,"title":"Oignons","price":"0","extra_category_name":"vos crudit\u00e9s"},{"id":2166,"variation_id":3391,"title":"Tomate","price":"","extra_category_name":"vos crudit\u00e9s"},{"id":2163,"variation_id":3391,"title":"Salade","price":"","extra_category_name":"vos crudit\u00e9s"},{"id":2183,"variation_id":3391,"title":"Salade","price":"","extra_category_name":"votre accompagnement"},{"id":2162,"variation_id":3391,"title":"Potatoes","price":"","extra_category_name":"votre accompagnement"},{"id":2161,"variation_id":3391,"title":"Frites","price":"","extra_category_name":"votre accompagnement"},{"id":2128,"variation_id":3391,"title":"Cristalline","price":"","extra_category_name":"votre boisson 33cl"},{"id":2127,"variation_id":3391,"title":"Perrier","price":"0","extra_category_name":"votre boisson 33cl"},{"id":2126,"variation_id":3391,"title":"Tropico","price":"","extra_category_name":"votre boisson 33cl"},{"id":2125,"variation_id":3391,"title":"Lipton Ice Tea","price":"","extra_category_name":"votre boisson 33cl"},{"id":2124,"variation_id":3391,"title":"Fanta Orange","price":"","extra_category_name":"votre boisson 33cl"},{"id":2123,"variation_id":3391,"title":"Fanta Citron","price":"","extra_category_name":"votre boisson 33cl"},{"id":2122,"variation_id":3391,"title":"Orangina","price":"","extra_category_name":"votre boisson 33cl"},{"id":2121,"variation_id":3391,"title":"Coca Cherry","price":"","extra_category_name":"votre boisson 33cl"},{"id":2120,"variation_id":3391,"title":"Coca Zero","price":"","extra_category_name":"votre boisson 33cl"},{"id":2119,"variation_id":3391,"title":"Coca","price":"","extra_category_name":"votre boisson 33cl"}],"_links":{"self":[{"href":"https:\/\/chicken94.com\/commande\/wp-json\/wp\/v2\/product\/3389","targetHints":{"allow":["GET"]}}],"collection":[{"href":"https:\/\/chicken94.com\/commande\/wp-json\/wp\/v2\/product"}],"about":[{"href":"https:\/\/chicken94.com\/commande\/wp-json\/wp\/v2\/types\/product"}],"wp:featuredmedia":[{"embeddable":true,"href":"https:\/\/chicken94.com\/commande\/wp-json\/wp\/v2\/media\/3383"}],"wp:attachment":[{"href":"https:\/\/chicken94.com\/commande\/wp-json\/wp\/v2\/media?parent=3389"}],"wp:term":[{"taxonomy":"product_brand","embeddable":true,"href":"https:\/\/chicken94.com\/commande\/wp-json\/wp\/v2\/product_brand?post=3389"},{"taxonomy":"product_cat","embeddable":true,"href":"https:\/\/chicken94.com\/commande\/wp-json\/wp\/v2\/product_cat?post=3389"},{"taxonomy":"product_tag","embeddable":true,"href":"https:\/\/chicken94.com\/commande\/wp-json\/wp\/v2\/product_tag?post=3389"}],"curies":[{"name":"wp","href":"https:\/\/api.w.org\/{rel}","templated":true}]}}